{"id":274,"date":"2022-05-13T17:49:43","date_gmt":"2022-05-13T15:49:43","guid":{"rendered":"https:\/\/robot-ko.com\/?page_id=274"},"modified":"2022-06-13T09:40:10","modified_gmt":"2022-06-13T07:40:10","slug":"robot-t6","status":"publish","type":"page","link":"https:\/\/robot-ko.com\/hr\/robot-t6\/","title":{"rendered":"ROBOT T6"},"content":{"rendered":"<figure class=\"wp-block-gallery has-nested-images columns-default is-cropped wp-block-gallery-1 is-layout-flex wp-block-gallery-is-layout-flex\">\n<figure class=\"wp-block-image size-large\"><img data-recalc-dims=\"1\" loading=\"lazy\" decoding=\"async\" width=\"900\" height=\"900\" data-attachment-id=\"201\" data-permalink=\"https:\/\/robot-ko.com\/hr\/home\/77-7\/\" data-orig-file=\"https:\/\/i0.wp.com\/robot-ko.com\/wp-content\/uploads\/2022\/05\/77-7.jpg?fit=900%2C900&amp;ssl=1\" data-orig-size=\"900,900\" data-comments-opened=\"1\" data-image-meta=\"{&quot;aperture&quot;:&quot;0&quot;,&quot;credit&quot;:&quot;&quot;,&quot;camera&quot;:&quot;&quot;,&quot;caption&quot;:&quot;&quot;,&quot;created_timestamp&quot;:&quot;0&quot;,&quot;copyright&quot;:&quot;&quot;,&quot;focal_length&quot;:&quot;0&quot;,&quot;iso&quot;:&quot;0&quot;,&quot;shutter_speed&quot;:&quot;0&quot;,&quot;title&quot;:&quot;&quot;,&quot;orientation&quot;:&quot;0&quot;}\" data-image-title=\"77-7\" data-image-description=\"\" data-image-caption=\"\" data-large-file=\"https:\/\/i0.wp.com\/robot-ko.com\/wp-content\/uploads\/2022\/05\/77-7.jpg?fit=900%2C900&amp;ssl=1\" data-id=\"201\" src=\"https:\/\/i0.wp.com\/robot-ko.com\/wp-content\/uploads\/2022\/05\/77-7.jpg?resize=900%2C900&#038;ssl=1\" alt=\"\" class=\"wp-image-201\" srcset=\"https:\/\/i0.wp.com\/robot-ko.com\/wp-content\/uploads\/2022\/05\/77-7.jpg?w=900&amp;ssl=1 900w, https:\/\/i0.wp.com\/robot-ko.com\/wp-content\/uploads\/2022\/05\/77-7.jpg?resize=300%2C300&amp;ssl=1 300w, https:\/\/i0.wp.com\/robot-ko.com\/wp-content\/uploads\/2022\/05\/77-7.jpg?resize=150%2C150&amp;ssl=1 150w, https:\/\/i0.wp.com\/robot-ko.com\/wp-content\/uploads\/2022\/05\/77-7.jpg?resize=768%2C768&amp;ssl=1 768w, https:\/\/i0.wp.com\/robot-ko.com\/wp-content\/uploads\/2022\/05\/77-7.jpg?resize=800%2C800&amp;ssl=1 800w, https:\/\/i0.wp.com\/robot-ko.com\/wp-content\/uploads\/2022\/05\/77-7.jpg?resize=400%2C400&amp;ssl=1 400w, https:\/\/i0.wp.com\/robot-ko.com\/wp-content\/uploads\/2022\/05\/77-7.jpg?resize=200%2C200&amp;ssl=1 200w\" sizes=\"auto, (max-width: 900px) 100vw, 900px\" \/><\/figure>\n\n\n\n<figure class=\"wp-block-image size-large\"><img data-recalc-dims=\"1\" loading=\"lazy\" decoding=\"async\" width=\"1000\" height=\"1000\" data-attachment-id=\"28\" data-permalink=\"https:\/\/robot-ko.com\/hr\/11\/\" data-orig-file=\"https:\/\/i0.wp.com\/robot-ko.com\/wp-content\/uploads\/2022\/05\/11.jpg?fit=1000%2C1000&amp;ssl=1\" data-orig-size=\"1000,1000\" data-comments-opened=\"1\" data-image-meta=\"{&quot;aperture&quot;:&quot;0&quot;,&quot;credit&quot;:&quot;&quot;,&quot;camera&quot;:&quot;&quot;,&quot;caption&quot;:&quot;&quot;,&quot;created_timestamp&quot;:&quot;0&quot;,&quot;copyright&quot;:&quot;&quot;,&quot;focal_length&quot;:&quot;0&quot;,&quot;iso&quot;:&quot;0&quot;,&quot;shutter_speed&quot;:&quot;0&quot;,&quot;title&quot;:&quot;&quot;,&quot;orientation&quot;:&quot;1&quot;}\" data-image-title=\"11\" data-image-description=\"\" data-image-caption=\"\" data-large-file=\"https:\/\/i0.wp.com\/robot-ko.com\/wp-content\/uploads\/2022\/05\/11.jpg?fit=1000%2C1000&amp;ssl=1\" data-id=\"28\" src=\"https:\/\/i0.wp.com\/robot-ko.com\/wp-content\/uploads\/2022\/05\/11.jpg?resize=1000%2C1000&#038;ssl=1\" alt=\"\" class=\"wp-image-28\"\/><\/figure>\n<\/figure>\n\n\n\n<figure class=\"wp-block-pullquote\" style=\"font-size:16px\"><blockquote><p>Prednosti robota:<\/p><cite><strong>Inteligentna dostava bez kontakta<\/strong> - optere\u0107enje 10 kg po pladnju. Podupire multifunkcijsku dostavu za 4 stola odjednom.<br><strong>Pametno i u\u010dinkovito djelovanje<\/strong> - novostvorena tehnologija pozicioniranja i navigacije. Duboka integracija sustava registriranja kao \u0161to su laserski radar, strojni i dubinski vid. <br><strong>Funkcije pametnih usluga<\/strong> - privu\u0107i stranke i poticati diferencijaciju usluga. Pobolj\u0161ava u\u010dinkovitost dostave i zadovoljstvo stranaka. <\/cite><\/blockquote><\/figure>\n\n\n\n<figure class=\"wp-block-gallery has-nested-images columns-default is-cropped wp-block-gallery-2 is-layout-flex wp-block-gallery-is-layout-flex\">\n<figure class=\"wp-block-image size-large\"><img data-recalc-dims=\"1\" loading=\"lazy\" decoding=\"async\" width=\"750\" height=\"1125\" data-attachment-id=\"60\" data-permalink=\"https:\/\/robot-ko.com\/hr\/t6-e-2\/\" data-orig-file=\"https:\/\/i0.wp.com\/robot-ko.com\/wp-content\/uploads\/2022\/05\/t6-e-2.jpg?fit=750%2C1125&amp;ssl=1\" data-orig-size=\"750,1125\" data-comments-opened=\"1\" data-image-meta=\"{&quot;aperture&quot;:&quot;0&quot;,&quot;credit&quot;:&quot;&quot;,&quot;camera&quot;:&quot;&quot;,&quot;caption&quot;:&quot;&quot;,&quot;created_timestamp&quot;:&quot;0&quot;,&quot;copyright&quot;:&quot;&quot;,&quot;focal_length&quot;:&quot;0&quot;,&quot;iso&quot;:&quot;0&quot;,&quot;shutter_speed&quot;:&quot;0&quot;,&quot;title&quot;:&quot;&quot;,&quot;orientation&quot;:&quot;1&quot;}\" data-image-title=\"T6 E (2)\" data-image-description=\"\" data-image-caption=\"\" data-large-file=\"https:\/\/i0.wp.com\/robot-ko.com\/wp-content\/uploads\/2022\/05\/t6-e-2.jpg?fit=683%2C1024&amp;ssl=1\" data-id=\"60\" src=\"https:\/\/i0.wp.com\/robot-ko.com\/wp-content\/uploads\/2022\/05\/t6-e-2.jpg?resize=750%2C1125&#038;ssl=1\" alt=\"\" class=\"wp-image-60\"\/><\/figure>\n\n\n\n<figure class=\"wp-block-image size-large\"><img data-recalc-dims=\"1\" loading=\"lazy\" decoding=\"async\" width=\"750\" height=\"832\" data-attachment-id=\"29\" data-permalink=\"https:\/\/robot-ko.com\/hr\/22\/\" data-orig-file=\"https:\/\/i0.wp.com\/robot-ko.com\/wp-content\/uploads\/2022\/05\/22.jpg?fit=750%2C832&amp;ssl=1\" data-orig-size=\"750,832\" data-comments-opened=\"1\" data-image-meta=\"{&quot;aperture&quot;:&quot;0&quot;,&quot;credit&quot;:&quot;&quot;,&quot;camera&quot;:&quot;&quot;,&quot;caption&quot;:&quot;&quot;,&quot;created_timestamp&quot;:&quot;0&quot;,&quot;copyright&quot;:&quot;&quot;,&quot;focal_length&quot;:&quot;0&quot;,&quot;iso&quot;:&quot;0&quot;,&quot;shutter_speed&quot;:&quot;0&quot;,&quot;title&quot;:&quot;&quot;,&quot;orientation&quot;:&quot;1&quot;}\" data-image-title=\"22\" data-image-description=\"\" data-image-caption=\"\" data-large-file=\"https:\/\/i0.wp.com\/robot-ko.com\/wp-content\/uploads\/2022\/05\/22.jpg?fit=750%2C832&amp;ssl=1\" data-id=\"29\" src=\"https:\/\/i0.wp.com\/robot-ko.com\/wp-content\/uploads\/2022\/05\/22.jpg?resize=750%2C832&#038;ssl=1\" alt=\"\" class=\"wp-image-29\"\/><\/figure>\n<\/figure>\n\n\n\n<figure class=\"wp-block-table\"><table><tbody><tr><td><strong>TEKNI\u010cKI PODACI O ROBOTU T6<\/strong><\/td><td><\/td><\/tr><tr><td>Veli\u010dina robota: 519*531*1256 mm<\/td><td>Te\u017eina robota: 52 kg<\/td><\/tr><tr><td>Broj pladnjeva: 4<\/td><td>Izdr\u017eljivost baterije: do 8 sati<\/td><\/tr><tr><td>Vrijeme punjenja: 5 sati<\/td><td>Najve\u0107e optere\u0107enje: 10 kg po pladnju<\/td><\/tr><\/tbody><\/table><\/figure>\n\n\n\n<figure class=\"wp-block-video\"><video height=\"720\" style=\"aspect-ratio: 720 \/ 720;\" width=\"720\" controls src=\"https:\/\/robot-ko.com\/wp-content\/uploads\/2022\/05\/t6.mp4\"><\/video><\/figure>\n\n\n<div class=\"wp-block-image\">\n<figure class=\"aligncenter size-large is-resized\"><img data-recalc-dims=\"1\" loading=\"lazy\" decoding=\"async\" data-attachment-id=\"371\" data-permalink=\"https:\/\/robot-ko.com\/hr\/robot-t6\/t2-1\/\" data-orig-file=\"https:\/\/i0.wp.com\/robot-ko.com\/wp-content\/uploads\/2022\/05\/T2-1.png?fit=1028%2C269&amp;ssl=1\" data-orig-size=\"1028,269\" data-comments-opened=\"1\" data-image-meta=\"{&quot;aperture&quot;:&quot;0&quot;,&quot;credit&quot;:&quot;&quot;,&quot;camera&quot;:&quot;&quot;,&quot;caption&quot;:&quot;&quot;,&quot;created_timestamp&quot;:&quot;0&quot;,&quot;copyright&quot;:&quot;&quot;,&quot;focal_length&quot;:&quot;0&quot;,&quot;iso&quot;:&quot;0&quot;,&quot;shutter_speed&quot;:&quot;0&quot;,&quot;title&quot;:&quot;&quot;,&quot;orientation&quot;:&quot;0&quot;}\" data-image-title=\"T2-1\" data-image-description=\"\" data-image-caption=\"\" data-large-file=\"https:\/\/i0.wp.com\/robot-ko.com\/wp-content\/uploads\/2022\/05\/T2-1.png?fit=1024%2C268&amp;ssl=1\" src=\"https:\/\/i0.wp.com\/robot-ko.com\/wp-content\/uploads\/2022\/05\/T2-1.png?resize=535%2C134&#038;ssl=1\" alt=\"\" class=\"wp-image-371\" width=\"535\" height=\"134\"\/><\/figure>\n<\/div>","protected":false},"excerpt":{"rendered":"<p>Prednosti robota: Brezkontaktna inteligentna dostava &#8211; obremenitev 10 kg na pladenj. Podpira ve\u010dopravilno dostavo 4 miz na enkrat.Pametno in u\u010dinkovito delovanje &#8211; novo sestavljena tehnologija pozicioniranja in navigacije. Globoka integracija sistemov zaznavanja, kot so laserski radar, strojni in globinski vid. Funkcije pametnih storitev &#8211; pritegniti stranke in spodbujati diferenciacijo storitev. Izbolj\u0161a u\u010dinkovitost dostave in zadovoljstvo&hellip;&nbsp;<a href=\"https:\/\/robot-ko.com\/hr\/robot-t6\/\" class=\"\" rel=\"bookmark\">Read More &raquo;<span class=\"screen-reader-text\">ROBOT T6<\/span><\/a><\/p>","protected":false},"author":220400745,"featured_media":0,"parent":0,"menu_order":0,"comment_status":"closed","ping_status":"closed","template":"","meta":{"_crdt_document":"","neve_meta_sidebar":"","neve_meta_container":"","neve_meta_enable_content_width":"","neve_meta_content_width":0,"neve_meta_title_alignment":"","neve_meta_author_avatar":"","neve_post_elements_order":"","neve_meta_disable_header":"","neve_meta_disable_footer":"","neve_meta_disable_title":"","advanced_seo_description":"","jetpack_seo_html_title":"","jetpack_seo_noindex":false,"footnotes":""},"class_list":["post-274","page","type-page","status-publish","hentry"],"jetpack_likes_enabled":true,"jetpack_sharing_enabled":true,"jetpack_shortlink":"https:\/\/wp.me\/PdXQ6q-4q","jetpack-related-posts":[],"amp_enabled":true,"_links":{"self":[{"href":"https:\/\/robot-ko.com\/hr\/wp-json\/wp\/v2\/pages\/274","targetHints":{"allow":["GET"]}}],"collection":[{"href":"https:\/\/robot-ko.com\/hr\/wp-json\/wp\/v2\/pages"}],"about":[{"href":"https:\/\/robot-ko.com\/hr\/wp-json\/wp\/v2\/types\/page"}],"author":[{"embeddable":true,"href":"https:\/\/robot-ko.com\/hr\/wp-json\/wp\/v2\/users\/220400745"}],"replies":[{"embeddable":true,"href":"https:\/\/robot-ko.com\/hr\/wp-json\/wp\/v2\/comments?post=274"}],"version-history":[{"count":14,"href":"https:\/\/robot-ko.com\/hr\/wp-json\/wp\/v2\/pages\/274\/revisions"}],"predecessor-version":[{"id":654,"href":"https:\/\/robot-ko.com\/hr\/wp-json\/wp\/v2\/pages\/274\/revisions\/654"}],"wp:attachment":[{"href":"https:\/\/robot-ko.com\/hr\/wp-json\/wp\/v2\/media?parent=274"}],"curies":[{"name":"wp","href":"https:\/\/api.w.org\/{rel}","templated":true}]}}