{"id":294,"date":"2022-05-13T19:04:02","date_gmt":"2022-05-13T17:04:02","guid":{"rendered":"https:\/\/robot-ko.com\/?page_id=294"},"modified":"2022-05-18T10:33:10","modified_gmt":"2022-05-18T08:33:10","slug":"robot-t1","status":"publish","type":"page","link":"https:\/\/robot-ko.com\/hr\/robot-t1\/","title":{"rendered":"ROBOT T1"},"content":{"rendered":"<div class=\"wp-block-image\">\n<figure class=\"aligncenter size-full is-resized\"><img data-recalc-dims=\"1\" decoding=\"async\" data-attachment-id=\"296\" data-permalink=\"https:\/\/robot-ko.com\/hr\/multi-color-3\/\" data-orig-file=\"https:\/\/i0.wp.com\/robot-ko.com\/wp-content\/uploads\/2022\/05\/multi-color-edited.jpg?fit=750%2C469&amp;ssl=1\" data-orig-size=\"750,469\" data-comments-opened=\"1\" data-image-meta=\"{&quot;aperture&quot;:&quot;0&quot;,&quot;credit&quot;:&quot;&quot;,&quot;camera&quot;:&quot;&quot;,&quot;caption&quot;:&quot;&quot;,&quot;created_timestamp&quot;:&quot;0&quot;,&quot;copyright&quot;:&quot;&quot;,&quot;focal_length&quot;:&quot;0&quot;,&quot;iso&quot;:&quot;0&quot;,&quot;shutter_speed&quot;:&quot;0&quot;,&quot;title&quot;:&quot;&quot;,&quot;orientation&quot;:&quot;1&quot;}\" data-image-title=\"multi-color\" data-image-description=\"\" data-image-caption=\"\" data-large-file=\"https:\/\/i0.wp.com\/robot-ko.com\/wp-content\/uploads\/2022\/05\/multi-color-edited.jpg?fit=750%2C469&amp;ssl=1\" src=\"https:\/\/i0.wp.com\/robot-ko.com\/wp-content\/uploads\/2022\/05\/multi-color-edited.jpg?w=575&#038;ssl=1\" alt=\"\" class=\"wp-image-296\"  srcset=\"https:\/\/i0.wp.com\/robot-ko.com\/wp-content\/uploads\/2022\/05\/multi-color-edited.jpg?w=750&amp;ssl=1 750w, https:\/\/i0.wp.com\/robot-ko.com\/wp-content\/uploads\/2022\/05\/multi-color-edited.jpg?resize=300%2C188&amp;ssl=1 300w\" sizes=\"(max-width: 750px) 100vw, 750px\" \/><\/figure>\n<\/div>\n\n\n<figure class=\"wp-block-pullquote alignwide has-text-align-center\" style=\"font-size:18px\"><blockquote><p>Prednosti robota:<\/p><cite><strong>Potpuno autonomna navigacija za odre\u0111ivanje polo\u017eaja<\/strong> - s vi\u0161e senzora koji omogu\u0107avaju preciznu navigaciju u zatvorenim prostorima i dugoro\u010dno stabilno djelovanje u kompleksnim okolinama. <br><strong>Pobolj\u0161anje radne u\u010dinkovitosti<\/strong> - sadr\u017ei tri pladnja, svaki mo\u017ee nositi te\u017einu do 10 kilograma. Omogu\u0107ava mogu\u0107nost dostave na vi\u0161e stolova i time \u0161tedi vrijeme zaposlenika.<br><strong>Smanjivanje re\u017eijskih tro\u0161kova<\/strong> - na dan mo\u017ee raditi vi\u0161e od 10 sati bez potrebe za dodatnim punjenjem.<br><strong>Inteligentne uslu\u017ene funkcije<\/strong> \u2013 pozivanje i vo\u0111enje stranaka, poticanje diferencijacije usluga, pru\u017eanje dodatne vrijednosti gostima i pobolj\u0161anje u\u010dinkovitosti usluga.<\/cite><\/blockquote><\/figure>\n\n\n<div class=\"wp-block-image\">\n<figure class=\"aligncenter size-full is-resized\"><img data-recalc-dims=\"1\" loading=\"lazy\" decoding=\"async\" data-attachment-id=\"55\" data-permalink=\"https:\/\/robot-ko.com\/hr\/t1-e-4\/\" data-orig-file=\"https:\/\/i0.wp.com\/robot-ko.com\/wp-content\/uploads\/2022\/05\/t1-e-4.jpg?fit=750%2C821&amp;ssl=1\" data-orig-size=\"750,821\" data-comments-opened=\"1\" data-image-meta=\"{&quot;aperture&quot;:&quot;0&quot;,&quot;credit&quot;:&quot;&quot;,&quot;camera&quot;:&quot;&quot;,&quot;caption&quot;:&quot;&quot;,&quot;created_timestamp&quot;:&quot;0&quot;,&quot;copyright&quot;:&quot;&quot;,&quot;focal_length&quot;:&quot;0&quot;,&quot;iso&quot;:&quot;0&quot;,&quot;shutter_speed&quot;:&quot;0&quot;,&quot;title&quot;:&quot;&quot;,&quot;orientation&quot;:&quot;1&quot;}\" data-image-title=\"T1 E (4)\" data-image-description=\"\" data-image-caption=\"\" data-large-file=\"https:\/\/i0.wp.com\/robot-ko.com\/wp-content\/uploads\/2022\/05\/t1-e-4.jpg?fit=750%2C821&amp;ssl=1\" src=\"https:\/\/i0.wp.com\/robot-ko.com\/wp-content\/uploads\/2022\/05\/t1-e-4.jpg?resize=430%2C471&#038;ssl=1\" alt=\"\" class=\"wp-image-55\" width=\"430\" height=\"471\"\/><\/figure>\n<\/div>\n\n\n<figure class=\"wp-block-table\" style=\"font-size:16px\"><table><tbody><tr><td><strong>TEKNI\u010cKI PODACI O ROBOTU T1<\/strong><\/td><td><\/td><\/tr><tr><td>Veli\u010dina robota: 499*526*1206 mm<\/td><td>Te\u017eina robota: 58 kg<\/td><\/tr><tr><td>Najve\u0107a brzina: 1,2 m\/s<\/td><td>Vrijeme punjenja: 5 sati<\/td><\/tr><tr><td>Izdr\u017eljivost baterije: 12 sati<\/td><td>Kapacitet baterije: DC 48V 12Ah<\/td><\/tr><tr><td>Broj pladnjeva: 3<\/td><td>Najve\u0107e optere\u0107enje: 30 kg (svaki pladanj 10 kg)<\/td><\/tr><\/tbody><\/table><\/figure>\n\n\n\n<figure class=\"wp-block-video wp-block-embed is-type-video is-provider-videopress\"><div class=\"wp-block-embed__wrapper\">\n<iframe title=\"VideoPress Video Player\" aria-label='VideoPress Video Player' width='1200' height='675' src='https:\/\/videopress.com\/embed\/5a3AW0uO?cover=1&amp;preloadContent=metadata&amp;useAverageColor=1&amp;hd=1' frameborder='0' allowfullscreen data-resize-to-parent=\"true\"><\/iframe><script src='https:\/\/v0.wordpress.com\/js\/next\/videopress-iframe.js?m=1633526814'><\/script>\n<\/div><\/figure>\n\n\n<div class=\"wp-block-image\">\n<figure class=\"aligncenter size-large is-resized\"><img data-recalc-dims=\"1\" loading=\"lazy\" decoding=\"async\" data-attachment-id=\"334\" data-permalink=\"https:\/\/robot-ko.com\/hr\/robot-t1\/t1\/\" data-orig-file=\"https:\/\/i0.wp.com\/robot-ko.com\/wp-content\/uploads\/2022\/05\/T1.png?fit=1138%2C287&amp;ssl=1\" data-orig-size=\"1138,287\" data-comments-opened=\"1\" data-image-meta=\"{&quot;aperture&quot;:&quot;0&quot;,&quot;credit&quot;:&quot;&quot;,&quot;camera&quot;:&quot;&quot;,&quot;caption&quot;:&quot;&quot;,&quot;created_timestamp&quot;:&quot;0&quot;,&quot;copyright&quot;:&quot;&quot;,&quot;focal_length&quot;:&quot;0&quot;,&quot;iso&quot;:&quot;0&quot;,&quot;shutter_speed&quot;:&quot;0&quot;,&quot;title&quot;:&quot;&quot;,&quot;orientation&quot;:&quot;0&quot;}\" data-image-title=\"T1\" data-image-description=\"\" data-image-caption=\"\" data-large-file=\"https:\/\/i0.wp.com\/robot-ko.com\/wp-content\/uploads\/2022\/05\/T1.png?fit=1024%2C258&amp;ssl=1\" src=\"https:\/\/i0.wp.com\/robot-ko.com\/wp-content\/uploads\/2022\/05\/T1.png?resize=535%2C134&#038;ssl=1\" alt=\"\" class=\"wp-image-334\" width=\"535\" height=\"134\" srcset=\"https:\/\/i0.wp.com\/robot-ko.com\/wp-content\/uploads\/2022\/05\/T1.png?resize=1024%2C258&amp;ssl=1 1024w, https:\/\/i0.wp.com\/robot-ko.com\/wp-content\/uploads\/2022\/05\/T1.png?resize=300%2C76&amp;ssl=1 300w, https:\/\/i0.wp.com\/robot-ko.com\/wp-content\/uploads\/2022\/05\/T1.png?resize=768%2C194&amp;ssl=1 768w, https:\/\/i0.wp.com\/robot-ko.com\/wp-content\/uploads\/2022\/05\/T1.png?w=1138&amp;ssl=1 1138w\" sizes=\"auto, (max-width: 535px) 100vw, 535px\" \/><\/figure>\n<\/div>","protected":false},"excerpt":{"rendered":"<p>Prednosti robota: Popolnoma avtonomna navigacija za dolo\u010danje polo\u017eaja &#8211; z ve\u010d senzorji, ki zagotavljajo natan\u010dno navigacijo v zaprtih prostorih in dolgoro\u010dno stabilno delovanje v kompleksnih okoljih. Izbolj\u0161anje delovne u\u010dinkovitosti &#8211; vsebuje tri pladnje, vsak pa lahko nosi te\u017eo 10 kilogramov. Omogo\u010da mo\u017enost dostave na ve\u010d miz, s tem prihrani \u010das zaposlenih.Zmanj\u0161evanje obratovalnih stro\u0161kov &#8211; na&hellip;&nbsp;<a href=\"https:\/\/robot-ko.com\/hr\/robot-t1\/\" class=\"\" rel=\"bookmark\">Read More &raquo;<span class=\"screen-reader-text\">ROBOT T1<\/span><\/a><\/p>","protected":false},"author":220400745,"featured_media":0,"parent":0,"menu_order":0,"comment_status":"closed","ping_status":"closed","template":"","meta":{"_crdt_document":"","neve_meta_sidebar":"","neve_meta_container":"","neve_meta_enable_content_width":"","neve_meta_content_width":0,"neve_meta_title_alignment":"","neve_meta_author_avatar":"","neve_post_elements_order":"","neve_meta_disable_header":"","neve_meta_disable_footer":"","neve_meta_disable_title":"","advanced_seo_description":"","jetpack_seo_html_title":"","jetpack_seo_noindex":false,"footnotes":""},"class_list":["post-294","page","type-page","status-publish","hentry"],"jetpack_likes_enabled":true,"jetpack_sharing_enabled":true,"jetpack_shortlink":"https:\/\/wp.me\/PdXQ6q-4K","jetpack-related-posts":[],"amp_enabled":true,"_links":{"self":[{"href":"https:\/\/robot-ko.com\/hr\/wp-json\/wp\/v2\/pages\/294","targetHints":{"allow":["GET"]}}],"collection":[{"href":"https:\/\/robot-ko.com\/hr\/wp-json\/wp\/v2\/pages"}],"about":[{"href":"https:\/\/robot-ko.com\/hr\/wp-json\/wp\/v2\/types\/page"}],"author":[{"embeddable":true,"href":"https:\/\/robot-ko.com\/hr\/wp-json\/wp\/v2\/users\/220400745"}],"replies":[{"embeddable":true,"href":"https:\/\/robot-ko.com\/hr\/wp-json\/wp\/v2\/comments?post=294"}],"version-history":[{"count":14,"href":"https:\/\/robot-ko.com\/hr\/wp-json\/wp\/v2\/pages\/294\/revisions"}],"predecessor-version":[{"id":471,"href":"https:\/\/robot-ko.com\/hr\/wp-json\/wp\/v2\/pages\/294\/revisions\/471"}],"wp:attachment":[{"href":"https:\/\/robot-ko.com\/hr\/wp-json\/wp\/v2\/media?parent=294"}],"curies":[{"name":"wp","href":"https:\/\/api.w.org\/{rel}","templated":true}]}}